{"id":107,"date":"2025-04-24T11:06:30","date_gmt":"2025-04-24T11:06:30","guid":{"rendered":"https:\/\/sumppi.net\/about\/"},"modified":"2026-01-19T12:43:53","modified_gmt":"2026-01-19T10:43:53","slug":"yhteystiedot","status":"publish","type":"page","link":"https:\/\/sumppi.net\/en\/yhteystiedot\/","title":{"rendered":"Language caf\u00e9s"},"content":{"rendered":"<div class=\"wp-block-uagb-container uagb-block-0082dda4 alignfull uagb-is-root-container\"><div class=\"uagb-container-inner-blocks-wrap\">\n<div class=\"wp-block-uagb-advanced-heading uagb-block-eb1a0f55\"><h2 class=\"uagb-heading-text\">Language caf\u00e9s<\/h2><\/div>\n\n\n\n<p>Language caf\u00e9s are organized in different parts of North Karelia so that as many people as possible can participate. Activities take place on-site, for example in schools, libraries, association facilities and folk high schools. <strong>Participation is free of charge and open to all interested parties.<\/strong>&nbsp;<\/p>\n\n\n\n<p class=\"translation-block\">The language caf\u00e9s are based on <strong>cooperation with local actors<\/strong>. For example, <strong>municipal immigrant coordinators, ELO project employees, organizations, parishes and active volunteers<\/strong> are involved. <strong>Kiteen Folk High School and Lieksa Christian College support the organisation of the language caf\u00e9s<\/strong> by providing guidance, materials and pedagogical support. The Folk High Schools are also responsible for ensuring that the activities continue and develop after the project.<\/p>\n<\/div><\/div>\n\n\n\n<div class=\"wp-block-uagb-container uagb-block-c1107f9e alignfull uagb-is-root-container\"><div class=\"uagb-container-inner-blocks-wrap\">\n<div class=\"wp-block-uagb-advanced-heading uagb-block-006df17a\"><h3 class=\"uagb-heading-text\">Language cafes supported by Kitee Folk High School:<\/h3><\/div>\n\n\n\n<div class=\"wp-block-uagb-container uagb-layout-grid uagb-block-2a633400\">\n<div class=\"wp-block-uagb-container uagb-block-067f7bfc\">\n<div class=\"wp-block-group is-layout-constrained wp-block-group-is-layout-constrained\">\n<figure class=\"wp-block-image size-full is-resized\"><img loading=\"lazy\" decoding=\"async\" width=\"600\" height=\"600\" src=\"http:\/\/sumppi.net\/wp-content\/uploads\/2025\/08\/keko.jpg\" alt=\"\" class=\"wp-image-2744\" style=\"width:341px;height:auto\" srcset=\"https:\/\/sumppi.net\/wp-content\/uploads\/2025\/08\/keko.jpg 600w, https:\/\/sumppi.net\/wp-content\/uploads\/2025\/08\/keko-300x300.jpg 300w, https:\/\/sumppi.net\/wp-content\/uploads\/2025\/08\/keko-150x150.jpg 150w, https:\/\/sumppi.net\/wp-content\/uploads\/2025\/08\/keko-12x12.jpg 12w\" sizes=\"auto, (max-width: 600px) 100vw, 600px\" \/><\/figure>\n\n\n\n<div class=\"wp-block-uagb-advanced-heading uagb-block-98688578\"><h3 class=\"uagb-heading-text\">Kitee<\/h3><\/div>\n\n\n\n<p>OSOITE: Opistontie 7, 82500 KITEE<\/p>\n\n\n\n<p>Lis\u00e4tietoja: Anu Alhainen, anu.alhainen(a)kiteenkansanopisto.fi<\/p>\n<\/div>\n<\/div>\n\n\n\n<div class=\"wp-block-uagb-container uagb-block-26edb7c6\">\n<div class=\"wp-block-group is-layout-constrained wp-block-group-is-layout-constrained\">\n<div class=\"wp-block-uagb-image uagb-block-879598bb wp-block-uagb-image--layout-default wp-block-uagb-image--effect-static wp-block-uagb-image--align-none\"><figure class=\"wp-block-uagb-image__figure\"><img decoding=\"async\" srcset=\"https:\/\/sumppi.net\/wp-content\/uploads\/2022\/10\/Our-Mission-min-1-1024x762.jpg ,https:\/\/sumppi.net\/wp-content\/uploads\/2022\/10\/Our-Mission-min-1.jpg 780w, https:\/\/sumppi.net\/wp-content\/uploads\/2022\/10\/Our-Mission-min-1.jpg 360w\" sizes=\"auto, (max-width: 480px) 150px\" src=\"https:\/\/sumppi.net\/wp-content\/uploads\/2022\/10\/Our-Mission-min-1-1024x762.jpg\" alt=\"\" class=\"uag-image-210\" width=\"342\" height=\"254\" title=\"Our-Mission-min-1\" loading=\"lazy\" role=\"img\"\/><\/figure><\/div>\n\n\n\n<div class=\"wp-block-uagb-advanced-heading uagb-block-65fbd190\"><h3 class=\"uagb-heading-text\">Tohmaj\u00e4rvi<\/h3><\/div>\n\n\n\n<p>Toimintaa suunnitellaan<\/p>\n\n\n\n<p>Lis\u00e4tietoja: Anu Alhainen, anu.alhainen(a)kiteenkansanopisto.fi<\/p>\n<\/div>\n<\/div>\n\n\n\n<div class=\"wp-block-uagb-container uagb-block-05ead336\">\n<div class=\"wp-block-group is-layout-constrained wp-block-group-is-layout-constrained\">\n<div class=\"wp-block-uagb-image uagb-block-962cf3f2 wp-block-uagb-image--layout-default wp-block-uagb-image--effect-static wp-block-uagb-image--align-none\"><figure class=\"wp-block-uagb-image__figure\"><img decoding=\"async\" srcset=\"https:\/\/sumppi.net\/wp-content\/uploads\/2022\/10\/Our-Mission-min-1-1024x762.jpg ,https:\/\/sumppi.net\/wp-content\/uploads\/2022\/10\/Our-Mission-min-1.jpg 780w, https:\/\/sumppi.net\/wp-content\/uploads\/2022\/10\/Our-Mission-min-1.jpg 360w\" sizes=\"auto, (max-width: 480px) 150px\" src=\"https:\/\/sumppi.net\/wp-content\/uploads\/2022\/10\/Our-Mission-min-1-1024x762.jpg\" alt=\"\" class=\"uag-image-210\" width=\"342\" height=\"254\" title=\"Our-Mission-min-1\" loading=\"lazy\" role=\"img\"\/><\/figure><\/div>\n\n\n\n<div class=\"wp-block-uagb-advanced-heading uagb-block-2f55ac61\"><h3 class=\"uagb-heading-text\">R\u00e4\u00e4kkyl\u00e4<\/h3><\/div>\n\n\n\n<p>Toimintaa suunnitellaan<\/p>\n\n\n\n<p>Lis\u00e4tietoja: Anu Alhainen, anu.alhainen(a)kiteenkansanopisto.fi<\/p>\n<\/div>\n<\/div>\n\n\n\n<div class=\"wp-block-uagb-container uagb-block-49de81ec\">\n<div class=\"wp-block-group is-layout-constrained wp-block-group-is-layout-constrained\">\n<figure class=\"wp-block-image size-large\"><img loading=\"lazy\" decoding=\"async\" width=\"1024\" height=\"649\" src=\"https:\/\/sumppi.net\/wp-content\/uploads\/2025\/08\/Kulttuurikahvila-syksy-2025-1024x649.png\" alt=\"\" class=\"wp-image-2880\" srcset=\"https:\/\/sumppi.net\/wp-content\/uploads\/2025\/08\/Kulttuurikahvila-syksy-2025-1024x649.png 1024w, https:\/\/sumppi.net\/wp-content\/uploads\/2025\/08\/Kulttuurikahvila-syksy-2025-300x190.png 300w, https:\/\/sumppi.net\/wp-content\/uploads\/2025\/08\/Kulttuurikahvila-syksy-2025-768x487.png 768w, https:\/\/sumppi.net\/wp-content\/uploads\/2025\/08\/Kulttuurikahvila-syksy-2025-1536x974.png 1536w, https:\/\/sumppi.net\/wp-content\/uploads\/2025\/08\/Kulttuurikahvila-syksy-2025-18x12.png 18w, https:\/\/sumppi.net\/wp-content\/uploads\/2025\/08\/Kulttuurikahvila-syksy-2025.png 1587w\" sizes=\"auto, (max-width: 1024px) 100vw, 1024px\" \/><\/figure>\n\n\n\n<div class=\"wp-block-uagb-advanced-heading uagb-block-4f72fd53\"><h3 class=\"uagb-heading-text\">Liperi<\/h3><\/div>\n\n\n\n<p>OSOITE: J\u00e4k\u00e4l\u00e4polku 2 B 8, Yl\u00e4mylly ja Liperin koulu, Koulutie 2, Liperi<\/p>\n\n\n\n<p>Lis\u00e4tietoja: Tarja-Liisa Riipinen, tarja-liisa.riipinen(a)liperi.fi, 050&nbsp;449 1598,&nbsp;<em>Liperin kunnan kotoutumiskoordinaattori<\/em>, <em>ELO-hanke<\/em><\/p>\n<\/div>\n<\/div>\n\n\n\n<div class=\"wp-block-uagb-container uagb-block-59d5b795\">\n<div class=\"wp-block-group is-layout-constrained wp-block-group-is-layout-constrained\">\n<div class=\"wp-block-uagb-image uagb-block-5a2a1f62 wp-block-uagb-image--layout-default wp-block-uagb-image--effect-static wp-block-uagb-image--align-none\"><figure class=\"wp-block-uagb-image__figure\"><img decoding=\"async\" srcset=\"https:\/\/sumppi.net\/wp-content\/uploads\/2025\/08\/Outokumpukuva.webp ,https:\/\/sumppi.net\/wp-content\/uploads\/2025\/08\/Outokumpukuva.webp 780w, https:\/\/sumppi.net\/wp-content\/uploads\/2025\/08\/Outokumpukuva.webp 360w\" sizes=\"auto, (max-width: 480px) 150px\" src=\"https:\/\/sumppi.net\/wp-content\/uploads\/2025\/08\/Outokumpukuva.webp\" alt=\"\" class=\"uag-image-2747\" width=\"344\" height=\"193\" title=\"Outokumpukuva\" loading=\"lazy\" role=\"img\"\/><\/figure><\/div>\n\n\n\n<div class=\"wp-block-uagb-advanced-heading uagb-block-4e2f00de\"><h3 class=\"uagb-heading-text\">Outokumpu<\/h3><\/div>\n\n\n\n<p>OSOITE: Vaihtuva paikka<\/p>\n\n\n\n<p>Lis\u00e4tietoja: Jenna Mononen, <a href=\"mailto:jenna.mononen@outokummunkaupunki.fi\" target=\"_blank\" rel=\"noreferrer noopener\">jenna.mononen(a)outokummunkaupunki.fi<\/a>, 050 575 2076, <em>kotoutumisohjaaja, ELO-hanke<\/em><\/p>\n\n\n\n<p><\/p>\n<\/div>\n<\/div>\n\n\n\n<div class=\"wp-block-uagb-container uagb-block-99bd9a52\">\n<div class=\"wp-block-group is-layout-constrained wp-block-group-is-layout-constrained\">\n<div class=\"wp-block-uagb-image uagb-block-d9f5b292 wp-block-uagb-image--layout-default wp-block-uagb-image--effect-static wp-block-uagb-image--align-none\"><figure class=\"wp-block-uagb-image__figure\"><img decoding=\"async\" srcset=\"https:\/\/sumppi.net\/wp-content\/uploads\/2022\/10\/Our-Mission-min-1-1024x762.jpg ,https:\/\/sumppi.net\/wp-content\/uploads\/2022\/10\/Our-Mission-min-1.jpg 780w, https:\/\/sumppi.net\/wp-content\/uploads\/2022\/10\/Our-Mission-min-1.jpg 360w\" sizes=\"auto, (max-width: 480px) 150px\" src=\"https:\/\/sumppi.net\/wp-content\/uploads\/2022\/10\/Our-Mission-min-1-1024x762.jpg\" alt=\"\" class=\"uag-image-210\" width=\"342\" height=\"254\" title=\"Our-Mission-min-1\" loading=\"lazy\" role=\"img\"\/><\/figure><\/div>\n\n\n\n<div class=\"wp-block-uagb-advanced-heading uagb-block-dac18944\"><h3 class=\"uagb-heading-text\">Hein\u00e4vesi<\/h3><\/div>\n\n\n\n<p>Toimintaa suunnitellaan<\/p>\n\n\n\n<p>Lis\u00e4tietoja: Anu Alhainen, anu.alhainen(a)kiteenkansanopisto.fi<\/p>\n<\/div>\n<\/div>\n<\/div>\n<\/div><\/div>\n\n\n\n<div class=\"wp-block-uagb-container uagb-block-f1c6702b alignfull uagb-is-root-container\"><div class=\"uagb-container-inner-blocks-wrap\">\n<div class=\"wp-block-uagb-advanced-heading uagb-block-97f67d91\"><h3 class=\"uagb-heading-text\">Language cafes supported by Lieksa Christian College:<\/h3><\/div>\n\n\n\n<div class=\"wp-block-uagb-container uagb-layout-grid uagb-block-76dea340\">\n<div class=\"wp-block-uagb-container uagb-block-9930542a\">\n<div class=\"wp-block-group is-layout-constrained wp-block-group-is-layout-constrained\">\n<div class=\"wp-block-uagb-image uagb-block-e4bc8a3a wp-block-uagb-image--layout-default wp-block-uagb-image--effect-static wp-block-uagb-image--align-none\"><figure class=\"wp-block-uagb-image__figure\"><img decoding=\"async\" srcset=\"https:\/\/sumppi.net\/wp-content\/uploads\/2025\/08\/lieksan-opisto.jpg ,https:\/\/sumppi.net\/wp-content\/uploads\/2025\/08\/lieksan-opisto.jpg 780w, https:\/\/sumppi.net\/wp-content\/uploads\/2025\/08\/lieksan-opisto.jpg 360w\" sizes=\"auto, (max-width: 480px) 150px\" src=\"https:\/\/sumppi.net\/wp-content\/uploads\/2025\/08\/lieksan-opisto.jpg\" alt=\"\" class=\"uag-image-2915\" width=\"1024\" height=\"762\" title=\"lieksan-opisto\" loading=\"lazy\" role=\"img\"\/><\/figure><\/div>\n\n\n\n<div class=\"wp-block-uagb-advanced-heading uagb-block-a06394da\"><h3 class=\"uagb-heading-text\">Lieksa<\/h3><\/div>\n\n\n\n<p>OSOITE: Lieksan kristillinen opisto,<br>Kyl\u00e4nlahdentie 81, 81820 Kyl\u00e4nlahti<\/p>\n\n\n\n<p>Lis\u00e4tietoja: Eila Lintunen, 040 576 6181, <a href=\"mailto:eila.lintunen@lkro.fi\" target=\"_blank\" rel=\"noreferrer noopener\">eila.lintunen(a)lkro.fi<\/a><\/p>\n<\/div>\n<\/div>\n\n\n\n<div class=\"wp-block-uagb-container uagb-block-3712a99c\">\n<div class=\"wp-block-group is-layout-constrained wp-block-group-is-layout-constrained\">\n<div class=\"wp-block-uagb-image uagb-block-305b4c37 wp-block-uagb-image--layout-default wp-block-uagb-image--effect-static wp-block-uagb-image--align-none\"><figure class=\"wp-block-uagb-image__figure\"><img decoding=\"async\" srcset=\"https:\/\/sumppi.net\/wp-content\/uploads\/2022\/10\/Our-Mission-min-1-1024x762.jpg ,https:\/\/sumppi.net\/wp-content\/uploads\/2022\/10\/Our-Mission-min-1.jpg 780w, https:\/\/sumppi.net\/wp-content\/uploads\/2022\/10\/Our-Mission-min-1.jpg 360w\" sizes=\"auto, (max-width: 480px) 150px\" src=\"https:\/\/sumppi.net\/wp-content\/uploads\/2022\/10\/Our-Mission-min-1-1024x762.jpg\" alt=\"\" class=\"uag-image-210\" width=\"342\" height=\"254\" title=\"Our-Mission-min-1\" loading=\"lazy\" role=\"img\"\/><\/figure><\/div>\n\n\n\n<div class=\"wp-block-uagb-advanced-heading uagb-block-3ba61585\"><h3 class=\"uagb-heading-text\">Nurmes<\/h3><\/div>\n\n\n\n<p>OSOITE: Vaihtuva paikka<\/p>\n\n\n\n<p>Lis\u00e4tietoja: Outi Meril\u00e4inen, kotoutumisasiantuntija, 040 1045778, outi.merilainen(a)nurmes.fi<\/p>\n<\/div>\n<\/div>\n\n\n\n<div class=\"wp-block-uagb-container uagb-block-407b36f3\">\n<div class=\"wp-block-group is-layout-constrained wp-block-group-is-layout-constrained\">\n<div class=\"wp-block-uagb-image uagb-block-c195d714 wp-block-uagb-image--layout-default wp-block-uagb-image--effect-static wp-block-uagb-image--align-none\"><figure class=\"wp-block-uagb-image__figure\"><img decoding=\"async\" srcset=\"https:\/\/sumppi.net\/wp-content\/uploads\/2026\/01\/juukaKielikahvilaKevat2026V2-1024x611.png ,https:\/\/sumppi.net\/wp-content\/uploads\/2026\/01\/juukaKielikahvilaKevat2026V2.png 780w, https:\/\/sumppi.net\/wp-content\/uploads\/2026\/01\/juukaKielikahvilaKevat2026V2.png 360w\" sizes=\"auto, (max-width: 480px) 150px\" src=\"https:\/\/sumppi.net\/wp-content\/uploads\/2026\/01\/juukaKielikahvilaKevat2026V2-1024x611.png\" alt=\"\" class=\"uag-image-3067\" width=\"1024\" height=\"762\" title=\"juukaKielikahvilaKevat2026V2\" loading=\"lazy\" role=\"img\"\/><\/figure><\/div>\n\n\n\n<div class=\"wp-block-uagb-advanced-heading uagb-block-64e70060\"><h3 class=\"uagb-heading-text\">Juuka<\/h3><\/div>\n\n\n\n<p>OSOITE: Kunnantalo,\u00a0Poikola<a href=\"https:\/\/www.google.com\/maps\/place\/\/data=!4m2!3m1!1s0x469cc0bdd46828cf:0x1eb66c4602d10dfc?sa=X&amp;ved=1t:8290&amp;ictx=111\" target=\"_blank\" rel=\"noreferrer noopener\">ntie 1, 83900 Juuka<\/a><\/p>\n\n\n\n<p>Lis\u00e4tietoja: Tiia Saarelainen, Kotoutumisohjaaja, 050 911 7609, tiia.saarelainen(a)juuka.fi<\/p>\n<\/div>\n<\/div>\n\n\n\n<div class=\"wp-block-uagb-container uagb-block-25b81207\">\n<div class=\"wp-block-group is-layout-constrained wp-block-group-is-layout-constrained\">\n<div class=\"wp-block-uagb-image uagb-block-52200ee9 wp-block-uagb-image--layout-default wp-block-uagb-image--effect-static wp-block-uagb-image--align-none\"><figure class=\"wp-block-uagb-image__figure\"><img decoding=\"async\" srcset=\"https:\/\/sumppi.net\/wp-content\/uploads\/2022\/10\/Our-Mission-min-1-1024x762.jpg ,https:\/\/sumppi.net\/wp-content\/uploads\/2022\/10\/Our-Mission-min-1.jpg 780w, https:\/\/sumppi.net\/wp-content\/uploads\/2022\/10\/Our-Mission-min-1.jpg 360w\" sizes=\"auto, (max-width: 480px) 150px\" src=\"https:\/\/sumppi.net\/wp-content\/uploads\/2022\/10\/Our-Mission-min-1-1024x762.jpg\" alt=\"\" class=\"uag-image-210\" width=\"342\" height=\"254\" title=\"Our-Mission-min-1\" loading=\"lazy\" role=\"img\"\/><\/figure><\/div>\n\n\n\n<div class=\"wp-block-uagb-advanced-heading uagb-block-77c8cedf\"><h3 class=\"uagb-heading-text\">Polvij\u00e4rvi<\/h3><\/div>\n\n\n\n<p>Toimintaa suunnitellaan.<\/p>\n\n\n\n<p>Lis\u00e4tietoja: Eila Lintunen, 040 576 6181, <a href=\"mailto:eila.lintunen@lkro.fi\" target=\"_blank\" rel=\"noreferrer noopener\">eila.lintunen(a)lkro.fi<\/a><\/p>\n<\/div>\n<\/div>\n\n\n\n<div class=\"wp-block-uagb-container uagb-block-d3880929\">\n<div class=\"wp-block-group is-layout-constrained wp-block-group-is-layout-constrained\">\n<div class=\"wp-block-uagb-image uagb-block-22f32176 wp-block-uagb-image--layout-default wp-block-uagb-image--effect-static wp-block-uagb-image--align-none\"><figure class=\"wp-block-uagb-image__figure\"><img decoding=\"async\" srcset=\"https:\/\/sumppi.net\/wp-content\/uploads\/2025\/08\/kontiotupa2-1024x969.jpg ,https:\/\/sumppi.net\/wp-content\/uploads\/2025\/08\/kontiotupa2.jpg 780w, https:\/\/sumppi.net\/wp-content\/uploads\/2025\/08\/kontiotupa2.jpg 360w\" sizes=\"auto, (max-width: 480px) 150px\" src=\"https:\/\/sumppi.net\/wp-content\/uploads\/2025\/08\/kontiotupa2-1024x969.jpg\" alt=\"\" class=\"uag-image-2914\" width=\"1024\" height=\"762\" title=\"kontiotupa2\" loading=\"lazy\" role=\"img\"\/><\/figure><\/div>\n\n\n\n<div class=\"wp-block-uagb-advanced-heading uagb-block-3eb18a15\"><h3 class=\"uagb-heading-text\">Kontiolahti<\/h3><\/div>\n\n\n\n<p>OSOITE: Kontiotupa, Koulukuja 4A, 81100 Kontiolahti<\/p>\n\n\n\n<p>Lis\u00e4tietoja: Maja Szwarczewska, kotoutumisohjaaja, 050 309 9250, maja.szwarczewska(a)kontiolahti.fi<\/p>\n<\/div>\n<\/div>\n\n\n\n<div class=\"wp-block-uagb-container uagb-block-dcff06ae\">\n<div class=\"wp-block-group is-layout-constrained wp-block-group-is-layout-constrained\">\n<div class=\"wp-block-uagb-image uagb-block-4bf9cdba wp-block-uagb-image--layout-default wp-block-uagb-image--effect-static wp-block-uagb-image--align-none\"><figure class=\"wp-block-uagb-image__figure\"><img decoding=\"async\" srcset=\"https:\/\/sumppi.net\/wp-content\/uploads\/2022\/10\/Our-Mission-min-1-1024x762.jpg ,https:\/\/sumppi.net\/wp-content\/uploads\/2022\/10\/Our-Mission-min-1.jpg 780w, https:\/\/sumppi.net\/wp-content\/uploads\/2022\/10\/Our-Mission-min-1.jpg 360w\" sizes=\"auto, (max-width: 480px) 150px\" src=\"https:\/\/sumppi.net\/wp-content\/uploads\/2022\/10\/Our-Mission-min-1-1024x762.jpg\" alt=\"\" class=\"uag-image-210\" width=\"342\" height=\"254\" title=\"Our-Mission-min-1\" loading=\"lazy\" role=\"img\"\/><\/figure><\/div>\n\n\n\n<div class=\"wp-block-uagb-advanced-heading uagb-block-76c8b9f2\"><h3 class=\"uagb-heading-text\">Ilomantsi<\/h3><\/div>\n\n\n\n<p>OSOITE: &nbsp;Ilomantsin kirjasto,&nbsp;<a href=\"https:\/\/www.google.com\/maps\/place\/\/data=!4m2!3m1!1s0x469c1af5d938906f:0x4ea5669c2c25305f?sa=X&amp;ved=1t:8290&amp;ictx=111\" target=\"_blank\" rel=\"noreferrer noopener\">Mantsintie 11, 82900 Ilomantsi<\/a><\/p>\n\n\n\n<p>Lis\u00e4tietoja: Eini Ikonen,  liikunta- ja kotoutumisohjaaja, 040 104 3180, <a href=\"mailto:eini.ikonen@ilomantsi.fi\" target=\"_blank\" rel=\"noreferrer noopener\">eini.ikonen(a)ilomantsi.fi<\/a><\/p>\n<\/div>\n<\/div>\n<\/div>\n<\/div><\/div>\n\n\n\n<div class=\"wp-block-uagb-container uagb-block-f2386f96 alignfull uagb-is-root-container\"><div class=\"uagb-container-inner-blocks-wrap\">\n<div class=\"wp-block-uagb-advanced-heading uagb-block-5ad27286\"><h3 class=\"uagb-heading-text\">Joensuu<\/h3><\/div>\n\n\n\n<p>There is no separate Sumppi language caf\u00e9 supported by folk high schools in Joensuu, but this website provides information and shares information about events and groups operating in the city. Cooperation is carried out with other WiNK project actors and networks supporting integration.<br><br><\/p>\n\n\n\n<p class=\"translation-block\">\ud83d\uddd3\ufe0f <strong>More detailed schedules and locations<\/strong> can be found in the event calendar or on our social media channels. Come along \u2013 discuss, participate and find your place!<\/p>\n<\/div><\/div>\n\n\n\n<p><\/p>","protected":false},"excerpt":{"rendered":"<p>Kielikahvilat paikkakunnittain Kielikahviloita j\u00e4rjestet\u00e4\u00e4n eri puolilla Pohjois-Karjalaa, jotta mahdollisimman moni p\u00e4\u00e4see mukaan. Toiminta tapahtuu paikan p\u00e4\u00e4ll\u00e4 esimerkiksi kouluilla, kirjastoissa, yhdistysten tiloissa ja kansanopistoilla. Osallistuminen on maksutonta ja avointa kaikille kiinnostuneille.&nbsp; [&hellip;]<\/p>","protected":false},"author":1,"featured_media":0,"parent":0,"menu_order":0,"comment_status":"closed","ping_status":"closed","template":"","meta":{"_acf_changed":false,"_uag_custom_page_level_css":"","site-sidebar-layout":"default","site-content-layout":"","ast-site-content-layout":"default","site-content-style":"default","site-sidebar-style":"default","ast-global-header-display":"","ast-banner-title-visibility":"","ast-main-header-display":"","ast-hfb-above-header-display":"","ast-hfb-below-header-display":"","ast-hfb-mobile-header-display":"","site-post-title":"disabled","ast-breadcrumbs-content":"","ast-featured-img":"","footer-sml-layout":"","theme-transparent-header-meta":"enabled","adv-header-id-meta":"","stick-header-meta":"","header-above-stick-meta":"","header-main-stick-meta":"","header-below-stick-meta":"","astra-migrate-meta-layouts":"set","ast-page-background-enabled":"default","ast-page-background-meta":{"desktop":{"background-color":"var(--ast-global-color-4)","background-image":"","background-repeat":"repeat","background-position":"center center","background-size":"auto","background-attachment":"scroll","background-type":"","background-media":"","overlay-type":"","overlay-color":"","overlay-opacity":"","overlay-gradient":""},"tablet":{"background-color":"","background-image":"","background-repeat":"repeat","background-position":"center center","background-size":"auto","background-attachment":"scroll","background-type":"","background-media":"","overlay-type":"","overlay-color":"","overlay-opacity":"","overlay-gradient":""},"mobile":{"background-color":"","background-image":"","background-repeat":"repeat","background-position":"center center","background-size":"auto","background-attachment":"scroll","background-type":"","background-media":"","overlay-type":"","overlay-color":"","overlay-opacity":"","overlay-gradient":""}},"ast-content-background-meta":{"desktop":{"background-color":"var(--ast-global-color-5)","background-image":"","background-repeat":"repeat","background-position":"center center","background-size":"auto","background-attachment":"scroll","background-type":"","background-media":"","overlay-type":"","overlay-color":"","overlay-opacity":"","overlay-gradient":""},"tablet":{"background-color":"var(--ast-global-color-5)","background-image":"","background-repeat":"repeat","background-position":"center center","background-size":"auto","background-attachment":"scroll","background-type":"","background-media":"","overlay-type":"","overlay-color":"","overlay-opacity":"","overlay-gradient":""},"mobile":{"background-color":"var(--ast-global-color-5)","background-image":"","background-repeat":"repeat","background-position":"center center","background-size":"auto","background-attachment":"scroll","background-type":"","background-media":"","overlay-type":"","overlay-color":"","overlay-opacity":"","overlay-gradient":""}},"footnotes":""},"class_list":["post-107","page","type-page","status-publish","hentry"],"acf":[],"aioseo_notices":[],"uagb_featured_image_src":{"full":false,"thumbnail":false,"medium":false,"medium_large":false,"large":false,"1536x1536":false,"2048x2048":false,"trp-custom-language-flag":false},"uagb_author_info":{"display_name":"pyry.piitulainen@rebooted.solutions","author_link":"https:\/\/sumppi.net\/en\/author\/pyry-piitulainenrebooted-solutions\/"},"uagb_comment_info":0,"uagb_excerpt":"Kielikahvilat paikkakunnittain Kielikahviloita j\u00e4rjestet\u00e4\u00e4n eri puolilla Pohjois-Karjalaa, jotta mahdollisimman moni p\u00e4\u00e4see mukaan. Toiminta tapahtuu paikan p\u00e4\u00e4ll\u00e4 esimerkiksi kouluilla, kirjastoissa, yhdistysten tiloissa ja kansanopistoilla. Osallistuminen on maksutonta ja avointa kaikille kiinnostuneille.&nbsp; [&hellip;]","_links":{"self":[{"href":"https:\/\/sumppi.net\/en\/wp-json\/wp\/v2\/pages\/107","targetHints":{"allow":["GET"]}}],"collection":[{"href":"https:\/\/sumppi.net\/en\/wp-json\/wp\/v2\/pages"}],"about":[{"href":"https:\/\/sumppi.net\/en\/wp-json\/wp\/v2\/types\/page"}],"author":[{"embeddable":true,"href":"https:\/\/sumppi.net\/en\/wp-json\/wp\/v2\/users\/1"}],"replies":[{"embeddable":true,"href":"https:\/\/sumppi.net\/en\/wp-json\/wp\/v2\/comments?post=107"}],"version-history":[{"count":58,"href":"https:\/\/sumppi.net\/en\/wp-json\/wp\/v2\/pages\/107\/revisions"}],"predecessor-version":[{"id":3070,"href":"https:\/\/sumppi.net\/en\/wp-json\/wp\/v2\/pages\/107\/revisions\/3070"}],"wp:attachment":[{"href":"https:\/\/sumppi.net\/en\/wp-json\/wp\/v2\/media?parent=107"}],"curies":[{"name":"wp","href":"https:\/\/api.w.org\/{rel}","templated":true}]}}