{"id":1822,"date":"2025-04-24T15:24:32","date_gmt":"2025-04-24T12:24:32","guid":{"rendered":"https:\/\/sumppi.net\/?page_id=1822"},"modified":"2025-05-11T16:05:50","modified_gmt":"2025-05-11T13:05:50","slug":"jarjestajille","status":"publish","type":"page","link":"https:\/\/sumppi.net\/en\/jarjestajille\/","title":{"rendered":"For Organizers"},"content":{"rendered":"<div class=\"wp-block-uagb-container uagb-block-e00110a3 alignfull uagb-is-root-container\"><div class=\"uagb-container-inner-blocks-wrap\">\n<div class=\"wp-block-uagb-advanced-heading uagb-block-ec1eabe2\"><h2 class=\"uagb-heading-text\">Ohjeita tapahtumaj\u00e4rjest\u00e4jille<\/h2><\/div>\n<\/div><\/div>\n\n\n\n<div class=\"wp-block-uagb-container uagb-block-1c4aaa00 alignfull uagb-is-root-container\"><div class=\"uagb-container-inner-blocks-wrap\"><div id=\"cat-10\" class=\"tips-category-container\"><h4 id=\"tips-category-title\">J\u00e4rjest\u00e4minen<\/h4><div class=\"su-accordion su-u-trim my-right-icon-accordion\"><div class=\"su-spoiler su-spoiler-style-default su-spoiler-icon-chevron su-spoiler-closed\" data-scroll-offset=\"0\" data-anchor-in-url=\"no\"><div class=\"su-spoiler-title\" tabindex=\"0\" role=\"button\"><span class=\"su-spoiler-icon\"><\/span>Kuinka j\u00e4rjest\u00e4\u00e4 tapahtuma<\/div><div class=\"su-spoiler-content su-u-clearfix su-u-trim\"><p>N\u00e4in j\u00e4rjest\u00e4t tapahtuman monelle henkil\u00f6lle<\/p>\n<p class=\"tips-file-title\">Katso tiedostot:<\/p><ul class=\"tips-file-list\"><li><a href=\"https:\/\/sumppi.net\/wp-content\/uploads\/2025\/05\/sumppi_ai_banner.png\" target=\"_blank\" rel=\"noopener noreferrer\" class=\"tips-file-link\">sumppi_ai_banner.png<\/a><\/li><li><a href=\"https:\/\/sumppi.net\/wp-content\/uploads\/2025\/05\/verkkokielikahvila.png\" target=\"_blank\" rel=\"noopener noreferrer\" class=\"tips-file-link\">verkkokielikahvila.png<\/a><\/li><\/ul><\/div><\/div><\/div><\/div>\n<\/div><\/div>","protected":false},"excerpt":{"rendered":"<p>Ohjeita tapahtumaj\u00e4rjest\u00e4jille<\/p>","protected":false},"author":1,"featured_media":0,"parent":0,"menu_order":0,"comment_status":"closed","ping_status":"closed","template":"","meta":{"_acf_changed":false,"_uag_custom_page_level_css":"","site-sidebar-layout":"default","site-content-layout":"","ast-site-content-layout":"default","site-content-style":"default","site-sidebar-style":"default","ast-global-header-display":"","ast-banner-title-visibility":"","ast-main-header-display":"","ast-hfb-above-header-display":"","ast-hfb-below-header-display":"","ast-hfb-mobile-header-display":"","site-post-title":"disabled","ast-breadcrumbs-content":"","ast-featured-img":"","footer-sml-layout":"","theme-transparent-header-meta":"","adv-header-id-meta":"","stick-header-meta":"","header-above-stick-meta":"","header-main-stick-meta":"","header-below-stick-meta":"","astra-migrate-meta-layouts":"set","ast-page-background-enabled":"default","ast-page-background-meta":{"desktop":{"background-color":"var(--ast-global-color-4)","background-image":"","background-repeat":"repeat","background-position":"center center","background-size":"auto","background-attachment":"scroll","background-type":"","background-media":"","overlay-type":"","overlay-color":"","overlay-opacity":"","overlay-gradient":""},"tablet":{"background-color":"","background-image":"","background-repeat":"repeat","background-position":"center center","background-size":"auto","background-attachment":"scroll","background-type":"","background-media":"","overlay-type":"","overlay-color":"","overlay-opacity":"","overlay-gradient":""},"mobile":{"background-color":"","background-image":"","background-repeat":"repeat","background-position":"center center","background-size":"auto","background-attachment":"scroll","background-type":"","background-media":"","overlay-type":"","overlay-color":"","overlay-opacity":"","overlay-gradient":""}},"ast-content-background-meta":{"desktop":{"background-color":"var(--ast-global-color-5)","background-image":"","background-repeat":"repeat","background-position":"center center","background-size":"auto","background-attachment":"scroll","background-type":"","background-media":"","overlay-type":"","overlay-color":"","overlay-opacity":"","overlay-gradient":""},"tablet":{"background-color":"var(--ast-global-color-5)","background-image":"","background-repeat":"repeat","background-position":"center center","background-size":"auto","background-attachment":"scroll","background-type":"","background-media":"","overlay-type":"","overlay-color":"","overlay-opacity":"","overlay-gradient":""},"mobile":{"background-color":"var(--ast-global-color-5)","background-image":"","background-repeat":"repeat","background-position":"center center","background-size":"auto","background-attachment":"scroll","background-type":"","background-media":"","overlay-type":"","overlay-color":"","overlay-opacity":"","overlay-gradient":""}},"footnotes":""},"class_list":["post-1822","page","type-page","status-publish","hentry"],"acf":[],"aioseo_notices":[],"uagb_featured_image_src":{"full":false,"thumbnail":false,"medium":false,"medium_large":false,"large":false,"1536x1536":false,"2048x2048":false,"trp-custom-language-flag":false},"uagb_author_info":{"display_name":"pyry.piitulainen@rebooted.solutions","author_link":"https:\/\/sumppi.net\/en\/author\/pyry-piitulainenrebooted-solutions\/"},"uagb_comment_info":0,"uagb_excerpt":"Ohjeita tapahtumaj\u00e4rjest\u00e4jille","_links":{"self":[{"href":"https:\/\/sumppi.net\/en\/wp-json\/wp\/v2\/pages\/1822","targetHints":{"allow":["GET"]}}],"collection":[{"href":"https:\/\/sumppi.net\/en\/wp-json\/wp\/v2\/pages"}],"about":[{"href":"https:\/\/sumppi.net\/en\/wp-json\/wp\/v2\/types\/page"}],"author":[{"embeddable":true,"href":"https:\/\/sumppi.net\/en\/wp-json\/wp\/v2\/users\/1"}],"replies":[{"embeddable":true,"href":"https:\/\/sumppi.net\/en\/wp-json\/wp\/v2\/comments?post=1822"}],"version-history":[{"count":34,"href":"https:\/\/sumppi.net\/en\/wp-json\/wp\/v2\/pages\/1822\/revisions"}],"predecessor-version":[{"id":2688,"href":"https:\/\/sumppi.net\/en\/wp-json\/wp\/v2\/pages\/1822\/revisions\/2688"}],"wp:attachment":[{"href":"https:\/\/sumppi.net\/en\/wp-json\/wp\/v2\/media?parent=1822"}],"curies":[{"name":"wp","href":"https:\/\/api.w.org\/{rel}","templated":true}]}}