{"id":2364,"date":"2025-05-06T17:17:18","date_gmt":"2025-05-06T14:17:18","guid":{"rendered":"https:\/\/sumppi.net\/?page_id=2364"},"modified":"2025-05-09T16:52:46","modified_gmt":"2025-05-09T13:52:46","slug":"mika-on-wink-hanke","status":"publish","type":"page","link":"https:\/\/sumppi.net\/en\/mika-on-wink-hanke\/","title":{"rendered":"What is WiNK -project?"},"content":{"rendered":"<div class=\"wp-block-uagb-info-box uagb-block-ac7803db uagb-infobox__content-wrap  uagb-infobox-icon-below-title uagb-infobox-image-valign-top\"><div class=\"uagb-ifb-content\"><div class=\"uagb-ifb-title-wrap\"><h3 class=\"uagb-ifb-title\">What is WiNK -project?<\/h3><\/div><p class=\"uagb-ifb-desc translation-block\"><strong>WiNK \u2013 Work in North Karelia<\/strong> is a province-wide development project that aims to support <strong>immigrants' integration, learning Finnish, and access to work or education<\/strong>. The project brings together educational institutions, municipalities, the welfare region, organizations, and companies.<\/p><\/div><\/div>\n\n\n\n<div class=\"wp-block-uagb-container uagb-block-92fdec56 alignfull uagb-is-root-container\"><div class=\"uagb-container-inner-blocks-wrap\">\n<div class=\"wp-block-uagb-container uagb-block-1a6e846a\">\n<div class=\"wp-block-uagb-image uagb-block-8d59d74d wp-block-uagb-image--layout-default wp-block-uagb-image--effect-static wp-block-uagb-image--align-none\"><figure class=\"wp-block-uagb-image__figure\"><img decoding=\"async\" srcset=\"https:\/\/sumppi.net\/wp-content\/uploads\/2025\/04\/WiNK_3_rgb_1-1.png ,https:\/\/sumppi.net\/wp-content\/uploads\/2025\/04\/WiNK_3_rgb_1-1.png 780w, https:\/\/sumppi.net\/wp-content\/uploads\/2025\/04\/WiNK_3_rgb_1-1.png 360w\" sizes=\"auto, (max-width: 480px) 150px\" src=\"https:\/\/sumppi.net\/wp-content\/uploads\/2025\/04\/WiNK_3_rgb_1-1.png\" alt=\"\" class=\"uag-image-1992\" width=\"512\" height=\"512\" title=\"WiNK_3_rgb_1 1\" loading=\"lazy\" role=\"img\"\/><\/figure><\/div>\n<\/div>\n\n\n\n<div class=\"wp-block-uagb-container uagb-block-83446f9d alignfull uagb-is-root-container\"><div class=\"uagb-container-inner-blocks-wrap\">\n<ul class=\"wp-block-list\">\n<li><strong><mark style=\"background-color:rgba(0, 0, 0, 0)\" class=\"has-inline-color has-ast-global-color-0-color\">Goals<\/mark><\/strong>\n<ul class=\"wp-block-list\">\n<li class=\"translation-block\">Develop a <strong>network-like operating model<\/strong> that offers comprehensive services to international experts<\/li>\n\n\n\n<li class=\"translation-block\">Improves the <strong> ability of companies to recruit and host <\/strong> international workers<\/li>\n\n\n\n<li class=\"translation-block\">Strengthens <strong>the cooperation and expertise of actors<\/strong> to support integration<\/li>\n<\/ul>\n<\/li>\n\n\n\n<li><strong><mark style=\"background-color:rgba(0, 0, 0, 0)\" class=\"has-inline-color has-ast-global-color-0-color\">Target audience<\/mark><\/strong>\n<ul class=\"wp-block-list\">\n<li>Professionals involved in immigration work (e.g. municipalities, educational institutions, organizations)&nbsp;<\/li>\n\n\n\n<li class=\"translation-block\"><strong>Companies and employers in North Karelia<\/strong><\/li>\n\n\n\n<li class=\"translation-block\"><strong>International students and professionals<\/strong> who want to settle in the region<\/li>\n<\/ul>\n<\/li>\n\n\n\n<li><mark style=\"background-color:rgba(0, 0, 0, 0)\" class=\"has-inline-color has-ast-global-color-0-color\"><strong>Implementors<\/strong><\/mark>\n<ul class=\"wp-block-list\">\n<li><strong>Main implementor:<\/strong> North-Karelian ELY-center&nbsp;<\/li>\n\n\n\n<li><strong>Part-implementors:<\/strong>:\n<ul class=\"wp-block-list\">\n<li>University of Eastern Finland&nbsp;<\/li>\n\n\n\n<li>Karelia University of Applied Sciences&nbsp;<\/li>\n\n\n\n<li>Riveria&nbsp;<\/li>\n\n\n\n<li>Kitee Evangelical Folk High School&nbsp;<\/li>\n\n\n\n<li>Lieksa Christian College&nbsp;<\/li>\n<\/ul>\n<\/li>\n<\/ul>\n<\/li>\n\n\n\n<li><mark style=\"background-color:rgba(0, 0, 0, 0)\" class=\"has-inline-color has-ast-global-color-0-color\"><strong>Funding and schedule:<\/strong><\/mark>\n<ul class=\"wp-block-list\">\n<li><strong>Funding:<\/strong> European Social Fund (ESF+), specific objective 4.1. Pathways to work<\/li>\n\n\n\n<li><strong>Schedule:<\/strong> 1.1.2025 \u2013 30.6.2027&nbsp;<\/li>\n<\/ul>\n<\/li>\n<\/ul>\n\n\n\n<p class=\"translation-block\"><strong><mark class=\"has-inline-color has-ast-global-color-0-color\">Follow the WiNK project on social media:<\/mark><\/strong>\u00a0<br><em>Links to the wink project channels are being added<\/em><\/p>\n<\/div><\/div>\n<\/div><\/div>\n\n\n\n<div class=\"wp-block-uagb-container uagb-block-bd61d4a4 alignfull uagb-is-root-container\"><div class=\"uagb-container-inner-blocks-wrap\">\n<h3 class=\"wp-block-heading\"><strong><mark style=\"background-color:rgba(0, 0, 0, 0)\" class=\"has-inline-color has-ast-global-color-0-color\">Sumppi \u2013 Language caf\u00e9 activities at folk high schools as part of the WiNK project&nbsp;<\/mark><\/strong><\/h3>\n\n\n\n<p class=\"translation-block\"><strong>Sumppi \u2013 A Cup of Finland<\/strong> is part of the Kitee and Lieksa folk high schools' own sub-project. Its aim is to increase <strong>inclusion, community spirit and practical language skills<\/strong> through language cafes.<\/p>\n\n\n\n<p class=\"translation-block\">Language caf\u00e9s are organized in different parts of North Karelia in cooperation with, among others, <strong>municipal immigrant coordinators, ELO project employees and associations<\/strong>. Folk high schools support local actors in planning, content and guidance.<\/p>\n\n\n\n<p class=\"translation-block\">The activities are carried out both on-site and online, and both immigrants and native Finns are welcome to participate. The goal is to learn Finnish in practical situations, together with others.<\/p>\n\n\n\n<p>Activities also include:&nbsp;<\/p>\n\n\n\n<ul class=\"wp-block-list\">\n<li class=\"translation-block\">developing <strong>self-study materials<\/strong> (e.g. videos and assignments)<\/li>\n\n\n\n<li class=\"translation-block\"><strong>online language cafes<\/strong> are organized<\/li>\n\n\n\n<li class=\"translation-block\"><strong>Hybrid Finnish language training will be implemented as pilot courses <\/strong> for different target groups, such as housewives, working people and young people<\/li>\n\n\n\n<li class=\"translation-block\">developing <strong>pedagogical models<\/strong> that support learning flexibly<\/li>\n<\/ul>\n\n\n\n<p><strong><mark style=\"background-color:rgba(0, 0, 0, 0)\" class=\"has-inline-color has-ast-global-color-0-color\">This Sumppi website introduces the language caf\u00e9 activities and materials of folk high schools \u2013 explore, participate and practice Finnish!<\/mark><\/strong><\/p>\n<\/div><\/div>\n\n\n\n<p><\/p>","protected":false},"excerpt":{"rendered":"<p>Seuraa WiNK-hanketta somessa:&nbsp;Lis\u00e4t\u00e4\u00e4n wink-hankkeen kanavien linkit Sumppi \u2013 Kansanopistojen kielikahvilatoiminta osana WiNK-hanketta&nbsp; Sumppi \u2013 Kupillinen Suomea on osa Kiteen ja Lieksan kansanopistojen omaa osahanketta. Sen tavoitteena on lis\u00e4t\u00e4 osallisuutta, yhteis\u00f6llisyytt\u00e4 [&hellip;]<\/p>","protected":false},"author":2,"featured_media":0,"parent":0,"menu_order":0,"comment_status":"closed","ping_status":"closed","template":"","meta":{"_acf_changed":false,"_uag_custom_page_level_css":"","site-sidebar-layout":"default","site-content-layout":"","ast-site-content-layout":"default","site-content-style":"default","site-sidebar-style":"default","ast-global-header-display":"","ast-banner-title-visibility":"","ast-main-header-display":"","ast-hfb-above-header-display":"","ast-hfb-below-header-display":"","ast-hfb-mobile-header-display":"","site-post-title":"disabled","ast-breadcrumbs-content":"","ast-featured-img":"","footer-sml-layout":"","theme-transparent-header-meta":"","adv-header-id-meta":"","stick-header-meta":"","header-above-stick-meta":"","header-main-stick-meta":"","header-below-stick-meta":"","astra-migrate-meta-layouts":"set","ast-page-background-enabled":"default","ast-page-background-meta":{"desktop":{"background-color":"var(--ast-global-color-4)","background-image":"","background-repeat":"repeat","background-position":"center center","background-size":"auto","background-attachment":"scroll","background-type":"","background-media":"","overlay-type":"","overlay-color":"","overlay-opacity":"","overlay-gradient":""},"tablet":{"background-color":"","background-image":"","background-repeat":"repeat","background-position":"center center","background-size":"auto","background-attachment":"scroll","background-type":"","background-media":"","overlay-type":"","overlay-color":"","overlay-opacity":"","overlay-gradient":""},"mobile":{"background-color":"","background-image":"","background-repeat":"repeat","background-position":"center center","background-size":"auto","background-attachment":"scroll","background-type":"","background-media":"","overlay-type":"","overlay-color":"","overlay-opacity":"","overlay-gradient":""}},"ast-content-background-meta":{"desktop":{"background-color":"var(--ast-global-color-5)","background-image":"","background-repeat":"repeat","background-position":"center center","background-size":"auto","background-attachment":"scroll","background-type":"","background-media":"","overlay-type":"","overlay-color":"","overlay-opacity":"","overlay-gradient":""},"tablet":{"background-color":"var(--ast-global-color-5)","background-image":"","background-repeat":"repeat","background-position":"center center","background-size":"auto","background-attachment":"scroll","background-type":"","background-media":"","overlay-type":"","overlay-color":"","overlay-opacity":"","overlay-gradient":""},"mobile":{"background-color":"var(--ast-global-color-5)","background-image":"","background-repeat":"repeat","background-position":"center center","background-size":"auto","background-attachment":"scroll","background-type":"","background-media":"","overlay-type":"","overlay-color":"","overlay-opacity":"","overlay-gradient":""}},"footnotes":""},"class_list":["post-2364","page","type-page","status-publish","hentry"],"acf":[],"aioseo_notices":[],"uagb_featured_image_src":{"full":false,"thumbnail":false,"medium":false,"medium_large":false,"large":false,"1536x1536":false,"2048x2048":false,"trp-custom-language-flag":false},"uagb_author_info":{"display_name":"antton.hyvarinen@rebooted.solutions","author_link":"https:\/\/sumppi.net\/en\/author\/antton-hyvarinenrebooted-solutions\/"},"uagb_comment_info":0,"uagb_excerpt":"Seuraa WiNK-hanketta somessa:&nbsp;Lis\u00e4t\u00e4\u00e4n wink-hankkeen kanavien linkit Sumppi \u2013 Kansanopistojen kielikahvilatoiminta osana WiNK-hanketta&nbsp; Sumppi \u2013 Kupillinen Suomea on osa Kiteen ja Lieksan kansanopistojen omaa osahanketta. Sen tavoitteena on lis\u00e4t\u00e4 osallisuutta, yhteis\u00f6llisyytt\u00e4 [&hellip;]","_links":{"self":[{"href":"https:\/\/sumppi.net\/en\/wp-json\/wp\/v2\/pages\/2364","targetHints":{"allow":["GET"]}}],"collection":[{"href":"https:\/\/sumppi.net\/en\/wp-json\/wp\/v2\/pages"}],"about":[{"href":"https:\/\/sumppi.net\/en\/wp-json\/wp\/v2\/types\/page"}],"author":[{"embeddable":true,"href":"https:\/\/sumppi.net\/en\/wp-json\/wp\/v2\/users\/2"}],"replies":[{"embeddable":true,"href":"https:\/\/sumppi.net\/en\/wp-json\/wp\/v2\/comments?post=2364"}],"version-history":[{"count":37,"href":"https:\/\/sumppi.net\/en\/wp-json\/wp\/v2\/pages\/2364\/revisions"}],"predecessor-version":[{"id":2668,"href":"https:\/\/sumppi.net\/en\/wp-json\/wp\/v2\/pages\/2364\/revisions\/2668"}],"wp:attachment":[{"href":"https:\/\/sumppi.net\/en\/wp-json\/wp\/v2\/media?parent=2364"}],"curies":[{"name":"wp","href":"https:\/\/api.w.org\/{rel}","templated":true}]}}