{"id":2464,"date":"2025-05-07T12:31:18","date_gmt":"2025-05-07T09:31:18","guid":{"rendered":"https:\/\/sumppi.net\/?page_id=2464"},"modified":"2025-08-19T15:08:23","modified_gmt":"2025-08-19T12:08:23","slug":"verkkokielikahvilat","status":"publish","type":"page","link":"https:\/\/sumppi.net\/en\/verkkokielikahvilat\/","title":{"rendered":"Online language caf\u00e9s"},"content":{"rendered":"<div class=\"wp-block-uagb-container uagb-block-0822fb23 alignfull uagb-is-root-container\"><div class=\"uagb-container-inner-blocks-wrap\">\n<div class=\"wp-block-uagb-container uagb-block-aa429afe\">\n<figure class=\"wp-block-image size-full\"><img loading=\"lazy\" decoding=\"async\" width=\"645\" height=\"644\" src=\"http:\/\/sumppi.net\/wp-content\/uploads\/2025\/05\/web-cafe-placeholder.png\" alt=\"\" class=\"wp-image-2140\" srcset=\"https:\/\/sumppi.net\/wp-content\/uploads\/2025\/05\/web-cafe-placeholder.png 645w, https:\/\/sumppi.net\/wp-content\/uploads\/2025\/05\/web-cafe-placeholder-300x300.png 300w, https:\/\/sumppi.net\/wp-content\/uploads\/2025\/05\/web-cafe-placeholder-150x150.png 150w\" sizes=\"auto, (max-width: 645px) 100vw, 645px\" \/><\/figure>\n<\/div>\n\n\n\n<div class=\"wp-block-uagb-container uagb-block-abe60433\">\n<h2 class=\"wp-block-heading\"><mark style=\"background-color:rgba(0, 0, 0, 0)\" class=\"has-inline-color has-ast-global-color-0-color\">Online language caf\u00e9<\/mark><\/h2>\n\n\n\n<p>An online language caf\u00e9 allows you to participate anywhere, anytime. All you need is a phone, tablet or computer and an internet connection.&nbsp;<br>&nbsp;<br><strong><mark style=\"background-color:rgba(0, 0, 0, 0)\" class=\"has-inline-color has-ast-global-color-0-color\">What do we do in an internet caf\u00e9?&nbsp;<\/mark><br><\/strong>\u2013 Discuss different themes in Finnish&nbsp;<br>\u2013 Watch short videos or pictures together&nbsp;<br>\u2013 Share experiences and thoughts&nbsp;<br>\u2013 Practice useful words and expressions&nbsp;<br>\u2013 Listen to experts and each other&nbsp;<br>&nbsp;<br>Verkkokahviloista tehd\u00e4\u00e4n my\u00f6s tallenteita, joita voit katsoa my\u00f6hemmin.&nbsp;<br>&nbsp;<br><strong><mark style=\"background-color:rgba(0, 0, 0, 0)\" class=\"has-inline-color has-ast-global-color-0-color\">For whom is the online language caf\u00e9 for?&nbsp;<\/mark><br><\/strong>For everyone, regardless of language proficiency. It is particularly suitable for:&nbsp;<br>\u2013 For those living at a distance&nbsp;<br>\u2013 Stay at home parents&nbsp;<br>\u2013 For those who are working&nbsp;<br>\u2013 For young people and adults who want to learn in a relaxed way&nbsp;<\/p>\n\n\n\n<p>Katso verkkokielikahvilat &#8221;<a href=\"http:\/\/tapahtumat\" title=\"Events\">Events<\/a>&#8221;-sivulta ja liity mukaan! Osaan ryhmist\u00e4 on ennakkoilmoittautuminen ja osaan voi tulla mukaan ilman ilmoittautumista.\u00a0<\/p>\n\n\n\n<p><br><\/p>\n<\/div>\n<\/div><\/div>","protected":false},"excerpt":{"rendered":"<p>Verkkokielikahvila Verkkokielikahvila mahdollistaa osallistumisen miss\u00e4 ja milloin vain. Tarvitset vain puhelimen, tabletin tai tietokoneen ja nettiyhteyden.&nbsp;&nbsp;Mit\u00e4 verkkokahvilassa tehd\u00e4\u00e4n?&nbsp;&#8211; Keskustellaan eri teemoista suomen kielell\u00e4&nbsp;&#8211; Katsotaan yhdess\u00e4 lyhyit\u00e4 videoita tai kuvia&nbsp;&#8211; Jaetaan [&hellip;]<\/p>","protected":false},"author":2,"featured_media":0,"parent":0,"menu_order":0,"comment_status":"closed","ping_status":"closed","template":"","meta":{"_acf_changed":false,"_uag_custom_page_level_css":"","site-sidebar-layout":"default","site-content-layout":"","ast-site-content-layout":"default","site-content-style":"default","site-sidebar-style":"default","ast-global-header-display":"","ast-banner-title-visibility":"","ast-main-header-display":"","ast-hfb-above-header-display":"","ast-hfb-below-header-display":"","ast-hfb-mobile-header-display":"","site-post-title":"disabled","ast-breadcrumbs-content":"","ast-featured-img":"","footer-sml-layout":"","theme-transparent-header-meta":"","adv-header-id-meta":"","stick-header-meta":"","header-above-stick-meta":"","header-main-stick-meta":"","header-below-stick-meta":"","astra-migrate-meta-layouts":"set","ast-page-background-enabled":"default","ast-page-background-meta":{"desktop":{"background-color":"var(--ast-global-color-4)","background-image":"","background-repeat":"repeat","background-position":"center center","background-size":"auto","background-attachment":"scroll","background-type":"","background-media":"","overlay-type":"","overlay-color":"","overlay-opacity":"","overlay-gradient":""},"tablet":{"background-color":"","background-image":"","background-repeat":"repeat","background-position":"center center","background-size":"auto","background-attachment":"scroll","background-type":"","background-media":"","overlay-type":"","overlay-color":"","overlay-opacity":"","overlay-gradient":""},"mobile":{"background-color":"","background-image":"","background-repeat":"repeat","background-position":"center center","background-size":"auto","background-attachment":"scroll","background-type":"","background-media":"","overlay-type":"","overlay-color":"","overlay-opacity":"","overlay-gradient":""}},"ast-content-background-meta":{"desktop":{"background-color":"var(--ast-global-color-5)","background-image":"","background-repeat":"repeat","background-position":"center center","background-size":"auto","background-attachment":"scroll","background-type":"","background-media":"","overlay-type":"","overlay-color":"","overlay-opacity":"","overlay-gradient":""},"tablet":{"background-color":"var(--ast-global-color-5)","background-image":"","background-repeat":"repeat","background-position":"center center","background-size":"auto","background-attachment":"scroll","background-type":"","background-media":"","overlay-type":"","overlay-color":"","overlay-opacity":"","overlay-gradient":""},"mobile":{"background-color":"var(--ast-global-color-5)","background-image":"","background-repeat":"repeat","background-position":"center center","background-size":"auto","background-attachment":"scroll","background-type":"","background-media":"","overlay-type":"","overlay-color":"","overlay-opacity":"","overlay-gradient":""}},"footnotes":""},"class_list":["post-2464","page","type-page","status-publish","hentry"],"acf":[],"aioseo_notices":[],"uagb_featured_image_src":{"full":false,"thumbnail":false,"medium":false,"medium_large":false,"large":false,"1536x1536":false,"2048x2048":false,"trp-custom-language-flag":false},"uagb_author_info":{"display_name":"antton.hyvarinen@rebooted.solutions","author_link":"https:\/\/sumppi.net\/en\/author\/antton-hyvarinenrebooted-solutions\/"},"uagb_comment_info":0,"uagb_excerpt":"Verkkokielikahvila Verkkokielikahvila mahdollistaa osallistumisen miss\u00e4 ja milloin vain. Tarvitset vain puhelimen, tabletin tai tietokoneen ja nettiyhteyden.&nbsp;&nbsp;Mit\u00e4 verkkokahvilassa tehd\u00e4\u00e4n?&nbsp;&#8211; Keskustellaan eri teemoista suomen kielell\u00e4&nbsp;&#8211; Katsotaan yhdess\u00e4 lyhyit\u00e4 videoita tai kuvia&nbsp;&#8211; Jaetaan [&hellip;]","_links":{"self":[{"href":"https:\/\/sumppi.net\/en\/wp-json\/wp\/v2\/pages\/2464","targetHints":{"allow":["GET"]}}],"collection":[{"href":"https:\/\/sumppi.net\/en\/wp-json\/wp\/v2\/pages"}],"about":[{"href":"https:\/\/sumppi.net\/en\/wp-json\/wp\/v2\/types\/page"}],"author":[{"embeddable":true,"href":"https:\/\/sumppi.net\/en\/wp-json\/wp\/v2\/users\/2"}],"replies":[{"embeddable":true,"href":"https:\/\/sumppi.net\/en\/wp-json\/wp\/v2\/comments?post=2464"}],"version-history":[{"count":5,"href":"https:\/\/sumppi.net\/en\/wp-json\/wp\/v2\/pages\/2464\/revisions"}],"predecessor-version":[{"id":2884,"href":"https:\/\/sumppi.net\/en\/wp-json\/wp\/v2\/pages\/2464\/revisions\/2884"}],"wp:attachment":[{"href":"https:\/\/sumppi.net\/en\/wp-json\/wp\/v2\/media?parent=2464"}],"curies":[{"name":"wp","href":"https:\/\/api.w.org\/{rel}","templated":true}]}}