{"id":77,"date":"2025-04-24T11:06:30","date_gmt":"2025-04-24T11:06:30","guid":{"rendered":"https:\/\/sumppi.net\/services\/"},"modified":"2026-04-15T12:19:22","modified_gmt":"2026-04-15T09:19:22","slug":"elama-suomessa","status":"publish","type":"page","link":"https:\/\/sumppi.net\/en\/elama-suomessa\/","title":{"rendered":"Life in Finland"},"content":{"rendered":"<h2 class=\"wp-block-heading\">El\u00e4m\u00e4 Suomessa \u2013 opi arjesta ja yhteiskunnasta<\/h2>\n\n\n\n<div style=\"height:22px\" aria-hidden=\"true\" class=\"wp-block-spacer\"><\/div>\n\n\n\n<p><\/p>\n\n\n\n<p>T\u00e4lt\u00e4 sivulta l\u00f6yd\u00e4t oppimateriaalia suomen kielen harjoitteluun ja suomalaisen yhteiskunnan ymm\u00e4rt\u00e4miseen. Materiaalit on jaoteltu eri teemoihin, jotka liittyv\u00e4t el\u00e4m\u00e4\u00e4n Suomessa \u2013 kuten kotiin, koulutukseen, ty\u00f6el\u00e4m\u00e4\u00e4n, terveyteen ja perheeseen.<\/p>\n\n\n\n<p>Voit katsoa videoita, tehd\u00e4 teht\u00e4vi\u00e4 ja lukea tekstej\u00e4. Sis\u00e4ll\u00f6t sopivat k\u00e4ytett\u00e4v\u00e4ksi:<\/p>\n\n\n\n<ul class=\"wp-block-list\">\n<li>kielikahvilassa<\/li>\n\n\n\n<li>itseopiskelussa<\/li>\n\n\n\n<li>opetusryhmiss\u00e4<\/li>\n<\/ul>\n\n\n\n<p>Materiaalien tavoitteena on tukea suomen kielen oppimista k\u00e4yt\u00e4nn\u00f6n tilanteissa ja samalla tutustuttaa sinut suomalaiseen kulttuuriin, s\u00e4\u00e4nt\u00f6ihin ja arjen tapoihin. Kaikki voivat oppia omassa tahdissa \u2013 yksin tai yhdess\u00e4 muiden kanssa.<\/p>\n\n\n\n<p>Valitse vasemmasta valikosta sinua kiinnostava teema ja aloita!<\/p>","protected":false},"excerpt":{"rendered":"<p>El\u00e4m\u00e4 Suomessa \u2013 opi arjesta ja yhteiskunnasta T\u00e4lt\u00e4 sivulta l\u00f6yd\u00e4t oppimateriaalia suomen kielen harjoitteluun ja suomalaisen yhteiskunnan ymm\u00e4rt\u00e4miseen. Materiaalit on jaoteltu eri teemoihin, jotka liittyv\u00e4t el\u00e4m\u00e4\u00e4n Suomessa \u2013 kuten kotiin, [&hellip;]<\/p>","protected":false},"author":1,"featured_media":0,"parent":0,"menu_order":0,"comment_status":"closed","ping_status":"closed","template":"life-in-finland.php","meta":{"_acf_changed":false,"_uag_custom_page_level_css":"","site-sidebar-layout":"default","site-content-layout":"","ast-site-content-layout":"default","site-content-style":"default","site-sidebar-style":"default","ast-global-header-display":"","ast-banner-title-visibility":"","ast-main-header-display":"","ast-hfb-above-header-display":"","ast-hfb-below-header-display":"","ast-hfb-mobile-header-display":"","site-post-title":"disabled","ast-breadcrumbs-content":"","ast-featured-img":"","footer-sml-layout":"","theme-transparent-header-meta":"enabled","adv-header-id-meta":"","stick-header-meta":"","header-above-stick-meta":"","header-main-stick-meta":"","header-below-stick-meta":"","astra-migrate-meta-layouts":"set","ast-page-background-enabled":"default","ast-page-background-meta":{"desktop":{"background-color":"var(--ast-global-color-4)","background-image":"","background-repeat":"repeat","background-position":"center center","background-size":"auto","background-attachment":"scroll","background-type":"","background-media":"","overlay-type":"","overlay-color":"","overlay-opacity":"","overlay-gradient":""},"tablet":{"background-color":"","background-image":"","background-repeat":"repeat","background-position":"center center","background-size":"auto","background-attachment":"scroll","background-type":"","background-media":"","overlay-type":"","overlay-color":"","overlay-opacity":"","overlay-gradient":""},"mobile":{"background-color":"","background-image":"","background-repeat":"repeat","background-position":"center center","background-size":"auto","background-attachment":"scroll","background-type":"","background-media":"","overlay-type":"","overlay-color":"","overlay-opacity":"","overlay-gradient":""}},"ast-content-background-meta":{"desktop":{"background-color":"var(--ast-global-color-5)","background-image":"","background-repeat":"repeat","background-position":"center center","background-size":"auto","background-attachment":"scroll","background-type":"","background-media":"","overlay-type":"","overlay-color":"","overlay-opacity":"","overlay-gradient":""},"tablet":{"background-color":"var(--ast-global-color-5)","background-image":"","background-repeat":"repeat","background-position":"center center","background-size":"auto","background-attachment":"scroll","background-type":"","background-media":"","overlay-type":"","overlay-color":"","overlay-opacity":"","overlay-gradient":""},"mobile":{"background-color":"var(--ast-global-color-5)","background-image":"","background-repeat":"repeat","background-position":"center center","background-size":"auto","background-attachment":"scroll","background-type":"","background-media":"","overlay-type":"","overlay-color":"","overlay-opacity":"","overlay-gradient":""}},"footnotes":""},"class_list":["post-77","page","type-page","status-publish","hentry"],"acf":[],"aioseo_notices":[],"uagb_featured_image_src":{"full":false,"thumbnail":false,"medium":false,"medium_large":false,"large":false,"1536x1536":false,"2048x2048":false,"trp-custom-language-flag":false},"uagb_author_info":{"display_name":"pyry.piitulainen@rebooted.solutions","author_link":"https:\/\/sumppi.net\/en\/author\/pyry-piitulainenrebooted-solutions\/"},"uagb_comment_info":0,"uagb_excerpt":"El\u00e4m\u00e4 Suomessa \u2013 opi arjesta ja yhteiskunnasta T\u00e4lt\u00e4 sivulta l\u00f6yd\u00e4t oppimateriaalia suomen kielen harjoitteluun ja suomalaisen yhteiskunnan ymm\u00e4rt\u00e4miseen. Materiaalit on jaoteltu eri teemoihin, jotka liittyv\u00e4t el\u00e4m\u00e4\u00e4n Suomessa \u2013 kuten kotiin, [&hellip;]","_links":{"self":[{"href":"https:\/\/sumppi.net\/en\/wp-json\/wp\/v2\/pages\/77","targetHints":{"allow":["GET"]}}],"collection":[{"href":"https:\/\/sumppi.net\/en\/wp-json\/wp\/v2\/pages"}],"about":[{"href":"https:\/\/sumppi.net\/en\/wp-json\/wp\/v2\/types\/page"}],"author":[{"embeddable":true,"href":"https:\/\/sumppi.net\/en\/wp-json\/wp\/v2\/users\/1"}],"replies":[{"embeddable":true,"href":"https:\/\/sumppi.net\/en\/wp-json\/wp\/v2\/comments?post=77"}],"version-history":[{"count":19,"href":"https:\/\/sumppi.net\/en\/wp-json\/wp\/v2\/pages\/77\/revisions"}],"predecessor-version":[{"id":3249,"href":"https:\/\/sumppi.net\/en\/wp-json\/wp\/v2\/pages\/77\/revisions\/3249"}],"wp:attachment":[{"href":"https:\/\/sumppi.net\/en\/wp-json\/wp\/v2\/media?parent=77"}],"curies":[{"name":"wp","href":"https:\/\/api.w.org\/{rel}","templated":true}]}}