{"id":78,"date":"2025-04-24T11:06:30","date_gmt":"2025-04-24T11:06:30","guid":{"rendered":"https:\/\/sumppi.net\/home\/"},"modified":"2026-04-08T11:21:12","modified_gmt":"2026-04-08T08:21:12","slug":"etusivu","status":"publish","type":"page","link":"https:\/\/sumppi.net\/en\/","title":{"rendered":"Home"},"content":{"rendered":"<div class=\"wp-block-uagb-container uagb-block-344bf4c5 alignfull uagb-is-root-container\">\n<div class=\"wp-block-uagb-info-box uagb-block-c5e26958 uagb-infobox__content-wrap  uagb-infobox-icon-above-title uagb-infobox-image-valign-top wp-block-uagb-info-box--has-margin\"><div class=\"uagb-infobox-margin-wrapper\"><div class=\"uagb-ifb-content\"><div class=\"uagb-ifb-title-wrap\"><span class=\"uagb-ifb-title-prefix\">Sumppi<\/span><h1 class=\"uagb-ifb-title\">a cup of finnish<\/h1><\/div><p class=\"uagb-ifb-desc\"><em>Welcome to language caf\u00e9!<\/em>&nbsp;<br>Do you want to practice your Finnish in a relaxed atmosphere, meet new people and get to know Finnish culture? Sumppi combines language learning, community and everyday encounters. You can participate on site or online \u2013 wherever you are!<br><br>Language cafes are organized in various parts of North Karelia \u2013 check out the events and join us!&nbsp;<\/p><div class=\"uagb-ifb-button-wrapper wp-block-button\"><a href=\"\/en\/tapahtumat\/\" class=\"uagb-infobox-cta-link wp-block-button__link\" target=\"_self\" rel=\"noopener noreferrer\" onclick=\"return true;\"><span class=\"uagb-inline-editing\">See events here<\/span><\/a><\/div><\/div><\/div><\/div>\n<\/div>\n\n\n\n<div data-aos= \"fade-down\" data-aos-duration=\"400\" data-aos-delay=\"0\" data-aos-easing=\"ease\" data-aos-once=\"true\" class=\"wp-block-uagb-container uagb-block-c93ddd66 alignfull uagb-is-root-container\"><div class=\"uagb-container-inner-blocks-wrap\">\n<div class=\"wp-block-uagb-image uagb-block-0d4b1541 wp-block-uagb-image--layout-default wp-block-uagb-image--effect-static wp-block-uagb-image--align-none\"><figure class=\"wp-block-uagb-image__figure\"><img decoding=\"async\" srcset=\"\/wp-content\/uploads\/2025\/05\/sumppi-puhekuplat-1.png ,https:\/\/sumppi.net\/wp-content\/uploads\/2025\/05\/sumppi-puhekuplat-1.png 780w, https:\/\/sumppi.net\/wp-content\/uploads\/2025\/05\/sumppi-puhekuplat-1.png 360w\" sizes=\"auto, (max-width: 480px) 150px\" src=\"\/wp-content\/uploads\/2025\/05\/sumppi-puhekuplat-1.png\" alt=\"\" class=\"uag-image-2126\" width=\"318\" height=\"277\" title=\"sumppi-puhekuplat\" loading=\"lazy\" role=\"img\"\/><\/figure><\/div>\n\n\n\n<div class=\"wp-block-uagb-info-box uagb-block-8b5fbd53 uagb-infobox__content-wrap  uagb-infobox-icon-above-title uagb-infobox-image-valign-top\"><div class=\"uagb-ifb-content\"><div class=\"uagb-ifb-title-wrap\"><h2 class=\"uagb-ifb-title\"><strong>Come join us \u2013 let's learn language and culture together<\/strong><\/h2><\/div><p class=\"uagb-ifb-desc\">Sumppi -language caf\u00e9 is an open meeting place for everyone who wants to learn Finnish and get to know other people. Native Finns, multilingual people and immigrants are warmly welcome \u2013 in the language caf\u00e9, people learn together, speak Finnish and share everyday experiences.&nbsp;<br>&nbsp;<br>We are doing nice things together such as:&nbsp;<br>\ud83c\udf72\u202f<strong>cook food and bake<\/strong>&nbsp;<br>\ud83c\udfb5\u202f<strong>listen to music or sing together<\/strong>&nbsp;<br>\ud83c\udfa8\u202f<strong>make arts and crafts<\/strong>&nbsp;<br>\ud83c\udfb2\u202f<strong>play games or go outdoors<\/strong>&nbsp;<br>\ud83d\udcac\u202f<strong>discuss different topics in finnish<\/strong>&nbsp;<br>&nbsp;<br>The activities are relaxed and practical. You don't need perfect language skills, the most important thing is participation and working together. Language cafes are suitable for all language levels.<br>&nbsp;<br>We also organize online language cafes that you can participate in from the comfort of your own home!&nbsp;<\/p><\/div><\/div>\n<\/div><\/div>\n\n\n\n<div data-aos= \"fade-down\" data-aos-duration=\"400\" data-aos-delay=\"0\" data-aos-easing=\"ease\" data-aos-once=\"true\" class=\"wp-block-uagb-container uagb-block-1006f1af alignfull uagb-is-root-container\"><div class=\"uagb-container-inner-blocks-wrap\">\n<div class=\"wp-block-uagb-info-box uagb-block-d439d8dd uagb-infobox__content-wrap  uagb-infobox-icon-above-title uagb-infobox-image-valign-top\"><div class=\"uagb-ifb-content\"><div class=\"uagb-ifb-title-wrap\"><h2 class=\"uagb-ifb-title\"><strong><strong>Practice language caf\u00e9 themes at your own pace<\/strong><\/strong><\/h2><\/div><p class=\"uagb-ifb-desc\">Sometimes it's nice to practice in peace and at your own pace - then this material is for you. On this page you will find <strong>self study materials,<\/strong>related to themes of the language cafe.&nbsp;<br><br>You can explore:&nbsp;<br>\ud83c\udfa5 <strong>videos<\/strong>about everyday situations, culture or work-life&nbsp;<br>\ud83d\uddc2\ufe0f <strong>quizzes and vocabularies<\/strong>, that you can do independently&nbsp;<br>\ud83d\udde3\ufe0f <strong>conversational questions and recordings<\/strong>, that you can use to practice understanding and speaking finnish&nbsp;<br><br>The materials are suitable for both beginners and those who have studied Finnish for a longer period of time. They can be used alone, with a friend, or even in a language caf\u00e9 to support a group. The website will be updated as the project progresses. Welcome to learning!&nbsp;<\/p><\/div><\/div>\n\n\n\n<figure class=\"wp-block-embed is-type-video is-provider-vimeo wp-block-embed-vimeo wp-embed-aspect-16-9 wp-has-aspect-ratio\"><div class=\"wp-block-embed__wrapper\">\n<div class=\"ast-oembed-container\" style=\"height: 100%;\"><iframe loading=\"lazy\" title=\"sumppi esittelyvideo\" src=\"https:\/\/player.vimeo.com\/video\/1110479786?dnt=1&amp;app_id=122963\" width=\"500\" height=\"281\" frameborder=\"0\" allow=\"autoplay; fullscreen; picture-in-picture; clipboard-write; encrypted-media; web-share\" referrerpolicy=\"strict-origin-when-cross-origin\"><\/iframe><\/div>\n<\/div><\/figure>\n<\/div><\/div>\n\n\n\n<div data-aos= \"fade-down\" data-aos-duration=\"400\" data-aos-delay=\"0\" data-aos-easing=\"ease\" data-aos-once=\"true\" class=\"wp-block-uagb-container uagb-block-7e01ccda alignfull uagb-is-root-container\"><div class=\"uagb-container-inner-blocks-wrap\">\n<div class=\"wp-block-uagb-image uagb-block-e8042df2 wp-block-uagb-image--layout-default wp-block-uagb-image--effect-static wp-block-uagb-image--align-none\"><figure class=\"wp-block-uagb-image__figure\"><img decoding=\"async\" srcset=\"https:\/\/sumppi.net\/wp-content\/uploads\/2025\/05\/idea-lightbulb-in-orange-tone-with-blue-highlights.png ,https:\/\/sumppi.net\/wp-content\/uploads\/2025\/05\/idea-lightbulb-in-orange-tone-with-blue-highlights.png 780w, https:\/\/sumppi.net\/wp-content\/uploads\/2025\/05\/idea-lightbulb-in-orange-tone-with-blue-highlights.png 360w\" sizes=\"auto, (max-width: 480px) 150px\" src=\"https:\/\/sumppi.net\/wp-content\/uploads\/2025\/05\/idea-lightbulb-in-orange-tone-with-blue-highlights.png\" alt=\"\" class=\"uag-image-2704\" width=\"530\" height=\"395\" title=\"idea lightbulb in orange tone with blue highlights\" loading=\"lazy\" role=\"img\"\/><\/figure><\/div>\n\n\n\n<div class=\"wp-block-uagb-info-box uagb-block-b6f4d198 uagb-infobox__content-wrap  uagb-infobox-icon-above-title uagb-infobox-image-valign-top\"><div class=\"uagb-ifb-content\"><div class=\"uagb-ifb-title-wrap\"><h2 class=\"uagb-ifb-title\"><strong><strong>The website offers instructions and ideas for language caf\u00e9 organizers.<\/strong><\/strong><\/h2><\/div><p class=\"uagb-ifb-desc translation-block\">You can find tips and instructions for organizing events on the <a href=\"https:\/\/sumppi.net\/en\/jarjestajille\/\" title=\"\" target=\"_self\"><strong>For Organizers<\/strong> <\/a> page.<\/p><\/div><\/div>\n<\/div><\/div>\n\n\n\n<div class=\"wp-block-uagb-container uagb-layout-grid uagb-block-40e14df1 alignfull uagb-is-root-container\"><div class=\"uagb-container-inner-blocks-wrap\">\n<div data-aos= \"fade-down\" data-aos-duration=\"400\" data-aos-delay=\"0\" data-aos-easing=\"ease\" data-aos-once=\"true\" class=\"wp-block-uagb-info-box uagb-block-bfde9e54 uagb-infobox__content-wrap  uagb-infobox-icon-below-title uagb-infobox-image-valign-top wp-block-uagb-info-box--has-margin\"><div class=\"uagb-infobox-margin-wrapper\"><div class=\"uagb-ifb-content\"><div class=\"uagb-ifb-title-wrap\"><h4 class=\"uagb-ifb-title\"><strong>Find your nearest language caf\u00e9<\/strong><\/h4><\/div><div class=\"uagb-ifb-image-content\"><img decoding=\"async\" src=\"https:\/\/sumppi.net\/wp-content\/uploads\/2025\/05\/location-placeholder.png\" alt=\"\" width=\"100\" height=\"90\" loading=\"lazy\"\/><\/div><p class=\"uagb-ifb-desc\">Miss\u00e4 on l\u00e4hin kielikahvila? Toimintaa j\u00e4rjestet\u00e4\u00e4n monella paikkakunnalla Pohjois-Karjalassa. <br>Tule mukaan paikan p\u00e4\u00e4lle tai osallistu verkkokahvilaan!<br><\/p><div class=\"uagb-ifb-button-wrapper wp-block-button\"><a href=\"https:\/\/sumppi.net\/en\/yhteystiedot\/\" class=\"uagb-infobox-cta-link wp-block-button__link\" target=\"_self\" rel=\"noopener noreferrer\" onclick=\"return true;\"><span class=\"uagb-inline-editing\">Explore language caf\u00e9s<\/span><svg xmlns=\"https:\/\/www.w3.org\/2000\/svg\" viewbox=\"0 0 512 512\"><path d=\"M504.3 273.6l-112.1 104c-6.992 6.484-17.18 8.218-25.94 4.406c-8.758-3.812-14.42-12.45-14.42-21.1L351.9 288H32C14.33 288 .0002 273.7 .0002 255.1S14.33 224 32 224h319.9l0-72c0-9.547 5.66-18.19 14.42-22c8.754-3.809 18.95-2.075 25.94 4.41l112.1 104C514.6 247.9 514.6 264.1 504.3 273.6z\"><\/path><\/svg><\/a><\/div><\/div><\/div><\/div>\n\n\n\n<div data-aos= \"fade-up\" data-aos-duration=\"400\" data-aos-delay=\"0\" data-aos-easing=\"ease\" data-aos-once=\"true\" class=\"wp-block-uagb-info-box uagb-block-304b7ae9 uagb-infobox__content-wrap  uagb-infobox-icon-below-title uagb-infobox-image-valign-top\"><div class=\"uagb-ifb-content\"><div class=\"uagb-ifb-title-wrap\"><h4 class=\"uagb-ifb-title\"><strong>Join online language caf\u00e9&nbsp;<\/strong><\/h4><\/div><div class=\"uagb-ifb-image-content\"><img decoding=\"async\" src=\"http:\/\/sumppi.net\/wp-content\/uploads\/2025\/05\/verkkokielikahvila.png\" alt=\"\" width=\"100\" height=\"90\" loading=\"lazy\"\/><\/div><p class=\"uagb-ifb-desc\">Can't make it to the venue? No problem! An online language caf\u00e9 brings people together in front of a screen. Let's chat, share experiences and learn together - wherever you are.<br><\/p><div class=\"uagb-ifb-button-wrapper wp-block-button\"><a href=\"https:\/\/sumppi.net\/en\/verkkokielikahvilat\/\" class=\"uagb-infobox-cta-link wp-block-button__link\" target=\"_self\" rel=\"noopener noreferrer\" onclick=\"return true;\"><span class=\"uagb-inline-editing\">Read more about online caf\u00e9s<\/span><svg xmlns=\"https:\/\/www.w3.org\/2000\/svg\" viewbox=\"0 0 512 512\"><path d=\"M504.3 273.6l-112.1 104c-6.992 6.484-17.18 8.218-25.94 4.406c-8.758-3.812-14.42-12.45-14.42-21.1L351.9 288H32C14.33 288 .0002 273.7 .0002 255.1S14.33 224 32 224h319.9l0-72c0-9.547 5.66-18.19 14.42-22c8.754-3.809 18.95-2.075 25.94 4.41l112.1 104C514.6 247.9 514.6 264.1 504.3 273.6z\"><\/path><\/svg><\/a><\/div><\/div><\/div>\n\n\n\n<div data-aos= \"fade-down\" data-aos-duration=\"400\" data-aos-delay=\"0\" data-aos-easing=\"ease\" data-aos-once=\"true\" class=\"wp-block-uagb-info-box uagb-block-4f9d2b4e uagb-infobox__content-wrap  uagb-infobox-icon-below-title uagb-infobox-image-valign-top\"><div class=\"uagb-ifb-content\"><div class=\"uagb-ifb-title-wrap\"><h4 class=\"uagb-ifb-title\"><strong>What is WiNK -project?&nbsp;<\/strong><\/h4><\/div><div class=\"uagb-ifb-image-content\"><img decoding=\"async\" src=\"http:\/\/sumppi.net\/wp-content\/uploads\/2025\/05\/wink-logo.png\" alt=\"\" width=\"100\" height=\"90\" loading=\"lazy\"\/><\/div><p class=\"uagb-ifb-desc\">WiNK tukee maahanmuuttaneiden kotoutumista, suomen kielen oppimista ja ty\u00f6el\u00e4m\u00e4\u00e4n p\u00e4\u00e4sy\u00e4 Pohjois-Karjalassa. <br><br>Kielikahvilat ovat yksi t\u00e4rke\u00e4 osa t\u00e4t\u00e4 ty\u00f6t\u00e4.<br><\/p><div class=\"uagb-ifb-button-wrapper wp-block-button\"><a href=\"https:\/\/sumppi.net\/en\/mika-on-wink-hanke\/\" class=\"uagb-infobox-cta-link wp-block-button__link\" target=\"_self\" rel=\"noopener noreferrer\" onclick=\"return true;\"><span class=\"uagb-inline-editing\">Read more about WiNK -project<\/span><svg xmlns=\"https:\/\/www.w3.org\/2000\/svg\" viewbox=\"0 0 512 512\"><path d=\"M504.3 273.6l-112.1 104c-6.992 6.484-17.18 8.218-25.94 4.406c-8.758-3.812-14.42-12.45-14.42-21.1L351.9 288H32C14.33 288 .0002 273.7 .0002 255.1S14.33 224 32 224h319.9l0-72c0-9.547 5.66-18.19 14.42-22c8.754-3.809 18.95-2.075 25.94 4.41l112.1 104C514.6 247.9 514.6 264.1 504.3 273.6z\"><\/path><\/svg><\/a><\/div><\/div><\/div>\n<\/div><\/div>","protected":false},"excerpt":{"rendered":"","protected":false},"author":1,"featured_media":0,"parent":0,"menu_order":0,"comment_status":"closed","ping_status":"closed","template":"","meta":{"_acf_changed":false,"_uag_custom_page_level_css":"","site-sidebar-layout":"default","site-content-layout":"page-builder","ast-site-content-layout":"full-width-container","site-content-style":"unboxed","site-sidebar-style":"unboxed","ast-global-header-display":"","ast-banner-title-visibility":"","ast-main-header-display":"","ast-hfb-above-header-display":"","ast-hfb-below-header-display":"","ast-hfb-mobile-header-display":"","site-post-title":"disabled","ast-breadcrumbs-content":"","ast-featured-img":"","footer-sml-layout":"","theme-transparent-header-meta":"enabled","adv-header-id-meta":"","stick-header-meta":"","header-above-stick-meta":"","header-main-stick-meta":"","header-below-stick-meta":"","astra-migrate-meta-layouts":"set","ast-page-background-enabled":"default","ast-page-background-meta":{"desktop":{"background-color":"var(--ast-global-color-4)","background-image":"","background-repeat":"repeat","background-position":"center center","background-size":"auto","background-attachment":"scroll","background-type":"","background-media":"","overlay-type":"","overlay-color":"","overlay-opacity":"","overlay-gradient":""},"tablet":{"background-color":"","background-image":"","background-repeat":"repeat","background-position":"center center","background-size":"auto","background-attachment":"scroll","background-type":"","background-media":"","overlay-type":"","overlay-color":"","overlay-opacity":"","overlay-gradient":""},"mobile":{"background-color":"","background-image":"","background-repeat":"repeat","background-position":"center center","background-size":"auto","background-attachment":"scroll","background-type":"","background-media":"","overlay-type":"","overlay-color":"","overlay-opacity":"","overlay-gradient":""}},"ast-content-background-meta":{"desktop":{"background-color":"var(--ast-global-color-5)","background-image":"","background-repeat":"repeat","background-position":"center center","background-size":"auto","background-attachment":"scroll","background-type":"","background-media":"","overlay-type":"","overlay-color":"","overlay-opacity":"","overlay-gradient":""},"tablet":{"background-color":"var(--ast-global-color-5)","background-image":"","background-repeat":"repeat","background-position":"center center","background-size":"auto","background-attachment":"scroll","background-type":"","background-media":"","overlay-type":"","overlay-color":"","overlay-opacity":"","overlay-gradient":""},"mobile":{"background-color":"var(--ast-global-color-5)","background-image":"","background-repeat":"repeat","background-position":"center center","background-size":"auto","background-attachment":"scroll","background-type":"","background-media":"","overlay-type":"","overlay-color":"","overlay-opacity":"","overlay-gradient":""}},"footnotes":""},"class_list":["post-78","page","type-page","status-publish","hentry"],"acf":[],"aioseo_notices":[],"uagb_featured_image_src":{"full":false,"thumbnail":false,"medium":false,"medium_large":false,"large":false,"1536x1536":false,"2048x2048":false,"trp-custom-language-flag":false},"uagb_author_info":{"display_name":"pyry.piitulainen@rebooted.solutions","author_link":"https:\/\/sumppi.net\/en\/author\/pyry-piitulainenrebooted-solutions\/"},"uagb_comment_info":0,"uagb_excerpt":null,"_links":{"self":[{"href":"https:\/\/sumppi.net\/en\/wp-json\/wp\/v2\/pages\/78","targetHints":{"allow":["GET"]}}],"collection":[{"href":"https:\/\/sumppi.net\/en\/wp-json\/wp\/v2\/pages"}],"about":[{"href":"https:\/\/sumppi.net\/en\/wp-json\/wp\/v2\/types\/page"}],"author":[{"embeddable":true,"href":"https:\/\/sumppi.net\/en\/wp-json\/wp\/v2\/users\/1"}],"replies":[{"embeddable":true,"href":"https:\/\/sumppi.net\/en\/wp-json\/wp\/v2\/comments?post=78"}],"version-history":[{"count":108,"href":"https:\/\/sumppi.net\/en\/wp-json\/wp\/v2\/pages\/78\/revisions"}],"predecessor-version":[{"id":3187,"href":"https:\/\/sumppi.net\/en\/wp-json\/wp\/v2\/pages\/78\/revisions\/3187"}],"wp:attachment":[{"href":"https:\/\/sumppi.net\/en\/wp-json\/wp\/v2\/media?parent=78"}],"curies":[{"name":"wp","href":"https:\/\/api.w.org\/{rel}","templated":true}]}}